{"id":749,"date":"2024-03-01T10:09:36","date_gmt":"2024-03-01T13:09:36","guid":{"rendered":"http:\/\/dev-uasc.lsd.ufcg.edu.br\/?page_id=749"},"modified":"2025-03-27T11:05:05","modified_gmt":"2025-03-27T14:05:05","slug":"selecao-2025-1","status":"publish","type":"page","link":"https:\/\/www.computacao.ufcg.edu.br\/?page_id=749","title":{"rendered":"Sele\u00e7\u00e3o 2025.1"},"content":{"rendered":"\t\t<div data-elementor-type=\"wp-page\" data-elementor-id=\"749\" class=\"elementor elementor-749\">\n\t\t\t\t\t\t<section class=\"elementor-section elementor-top-section elementor-element elementor-element-7bc0d458 elementor-section-full_width elementor-section-height-default elementor-section-height-default wpr-particle-no wpr-jarallax-no wpr-parallax-no wpr-sticky-section-no\" data-id=\"7bc0d458\" data-element_type=\"section\" data-settings=\"{&quot;background_background&quot;:&quot;classic&quot;}\">\n\t\t\t\t\t\t<div class=\"elementor-container elementor-column-gap-default\">\n\t\t\t\t\t<div class=\"elementor-column elementor-col-50 elementor-top-column elementor-element elementor-element-2e60a609\" data-id=\"2e60a609\" data-element_type=\"column\">\n\t\t\t<div class=\"elementor-widget-wrap elementor-element-populated\">\n\t\t\t\t\t\t<section class=\"elementor-section elementor-inner-section elementor-element elementor-element-1a79c192 elementor-section-full_width elementor-section-height-default elementor-section-height-default wpr-particle-no wpr-jarallax-no wpr-parallax-no wpr-sticky-section-no\" data-id=\"1a79c192\" data-element_type=\"section\">\n\t\t\t\t\t\t<div class=\"elementor-container elementor-column-gap-default\">\n\t\t\t\t\t<div class=\"elementor-column elementor-col-50 elementor-inner-column elementor-element elementor-element-59ca44b9\" data-id=\"59ca44b9\" data-element_type=\"column\">\n\t\t\t<div class=\"elementor-widget-wrap elementor-element-populated\">\n\t\t\t\t\t\t<div class=\"elementor-element elementor-element-2da241e9 elementor-widget elementor-widget-image\" data-id=\"2da241e9\" data-element_type=\"widget\" data-widget_type=\"image.default\">\n\t\t\t\t<div class=\"elementor-widget-container\">\n\t\t\t\t\t\t\t\t\t\t\t\t\t\t\t\t<a href=\"https:\/\/portal.ufcg.edu.br\">\n\t\t\t\t\t\t\t<img decoding=\"async\" width=\"300\" height=\"94\" src=\"https:\/\/www.computacao.ufcg.edu.br\/wp-content\/uploads\/2024\/06\/UFCG-lateral-SemFundo-300x94.png\" class=\"attachment-medium size-medium wp-image-1444\" alt=\"\" srcset=\"https:\/\/www.computacao.ufcg.edu.br\/wp-content\/uploads\/2024\/06\/UFCG-lateral-SemFundo-300x94.png 300w, https:\/\/www.computacao.ufcg.edu.br\/wp-content\/uploads\/2024\/06\/UFCG-lateral-SemFundo-1024x321.png 1024w, https:\/\/www.computacao.ufcg.edu.br\/wp-content\/uploads\/2024\/06\/UFCG-lateral-SemFundo-768x241.png 768w, https:\/\/www.computacao.ufcg.edu.br\/wp-content\/uploads\/2024\/06\/UFCG-lateral-SemFundo.png 1472w\" sizes=\"(max-width: 300px) 100vw, 300px\" \/>\t\t\t\t\t\t\t\t<\/a>\n\t\t\t\t\t\t\t\t\t\t\t\t\t\t\t<\/div>\n\t\t\t\t<\/div>\n\t\t\t\t\t<\/div>\n\t\t<\/div>\n\t\t\t\t<div class=\"elementor-column elementor-col-50 elementor-inner-column elementor-element elementor-element-41dbd11\" data-id=\"41dbd11\" data-element_type=\"column\">\n\t\t\t<div class=\"elementor-widget-wrap elementor-element-populated\">\n\t\t\t\t\t\t<div class=\"elementor-element elementor-element-c928a85 elementor-widget elementor-widget-image\" data-id=\"c928a85\" data-element_type=\"widget\" data-widget_type=\"image.default\">\n\t\t\t\t<div class=\"elementor-widget-container\">\n\t\t\t\t\t\t\t\t\t\t\t\t\t\t\t\t<a href=\"https:\/\/www.computacao.ufcg.edu.br\/\">\n\t\t\t\t\t\t\t<img fetchpriority=\"high\" decoding=\"async\" width=\"1024\" height=\"156\" src=\"https:\/\/www.computacao.ufcg.edu.br\/wp-content\/uploads\/2024\/01\/computacao50ufcg-1024x156.png\" class=\"attachment-large size-large wp-image-609\" alt=\"\" srcset=\"https:\/\/www.computacao.ufcg.edu.br\/wp-content\/uploads\/2024\/01\/computacao50ufcg-1024x156.png 1024w, https:\/\/www.computacao.ufcg.edu.br\/wp-content\/uploads\/2024\/01\/computacao50ufcg-300x46.png 300w, https:\/\/www.computacao.ufcg.edu.br\/wp-content\/uploads\/2024\/01\/computacao50ufcg-768x117.png 768w, https:\/\/www.computacao.ufcg.edu.br\/wp-content\/uploads\/2024\/01\/computacao50ufcg-1536x235.png 1536w, https:\/\/www.computacao.ufcg.edu.br\/wp-content\/uploads\/2024\/01\/computacao50ufcg-2048x313.png 2048w\" sizes=\"(max-width: 1024px) 100vw, 1024px\" \/>\t\t\t\t\t\t\t\t<\/a>\n\t\t\t\t\t\t\t\t\t\t\t\t\t\t\t<\/div>\n\t\t\t\t<\/div>\n\t\t\t\t\t<\/div>\n\t\t<\/div>\n\t\t\t\t\t<\/div>\n\t\t<\/section>\n\t\t\t\t\t<\/div>\n\t\t<\/div>\n\t\t\t\t<div class=\"elementor-column elementor-col-50 elementor-top-column elementor-element elementor-element-500ac81a\" data-id=\"500ac81a\" data-element_type=\"column\">\n\t\t\t<div class=\"elementor-widget-wrap elementor-element-populated\">\n\t\t\t\t\t\t<div class=\"elementor-element elementor-element-6570c21 e-grid-align-right elementor-shape-rounded elementor-grid-0 elementor-widget elementor-widget-social-icons\" data-id=\"6570c21\" data-element_type=\"widget\" data-widget_type=\"social-icons.default\">\n\t\t\t\t<div class=\"elementor-widget-container\">\n\t\t\t\t\t\t\t<div class=\"elementor-social-icons-wrapper elementor-grid\">\n\t\t\t\t\t\t\t<span class=\"elementor-grid-item\">\n\t\t\t\t\t<a class=\"elementor-icon elementor-social-icon elementor-social-icon-instagram elementor-repeater-item-ee1097e\" href=\"https:\/\/www.instagram.com\/computacaoufcg\/\" target=\"_blank\">\n\t\t\t\t\t\t<span class=\"elementor-screen-only\">Instagram<\/span>\n\t\t\t\t\t\t<i class=\"fab fa-instagram\"><\/i>\t\t\t\t\t<\/a>\n\t\t\t\t<\/span>\n\t\t\t\t\t\t\t<span class=\"elementor-grid-item\">\n\t\t\t\t\t<a class=\"elementor-icon elementor-social-icon elementor-social-icon-twitter elementor-repeater-item-fdf1dc7\" href=\"https:\/\/twitter.com\/ComputacaoUFCG\" target=\"_blank\">\n\t\t\t\t\t\t<span class=\"elementor-screen-only\">Twitter<\/span>\n\t\t\t\t\t\t<i class=\"fab fa-twitter\"><\/i>\t\t\t\t\t<\/a>\n\t\t\t\t<\/span>\n\t\t\t\t\t\t\t<span class=\"elementor-grid-item\">\n\t\t\t\t\t<a class=\"elementor-icon elementor-social-icon elementor-social-icon-youtube elementor-repeater-item-bd1a22f\" href=\"https:\/\/www.youtube.com\/user\/VideosComputacaoUFCG\" target=\"_blank\">\n\t\t\t\t\t\t<span class=\"elementor-screen-only\">Youtube<\/span>\n\t\t\t\t\t\t<i class=\"fab fa-youtube\"><\/i>\t\t\t\t\t<\/a>\n\t\t\t\t<\/span>\n\t\t\t\t\t\t\t<span class=\"elementor-grid-item\">\n\t\t\t\t\t<a class=\"elementor-icon elementor-social-icon elementor-social-icon-linkedin elementor-repeater-item-4e4e5b7\" href=\"https:\/\/www.linkedin.com\/company\/computa\u00e7\u00e3o-ufcg\/\" target=\"_blank\">\n\t\t\t\t\t\t<span class=\"elementor-screen-only\">Linkedin<\/span>\n\t\t\t\t\t\t<i class=\"fab fa-linkedin\"><\/i>\t\t\t\t\t<\/a>\n\t\t\t\t<\/span>\n\t\t\t\t\t<\/div>\n\t\t\t\t\t\t<\/div>\n\t\t\t\t<\/div>\n\t\t\t\t\t<\/div>\n\t\t<\/div>\n\t\t\t\t\t<\/div>\n\t\t<\/section>\n\t\t\t\t<section class=\"elementor-section elementor-top-section elementor-element elementor-element-407b12a5 elementor-section-full_width elementor-section-height-default elementor-section-height-default wpr-particle-no wpr-jarallax-no wpr-parallax-no wpr-sticky-section-no\" data-id=\"407b12a5\" data-element_type=\"section\" data-settings=\"{&quot;background_background&quot;:&quot;classic&quot;}\">\n\t\t\t\t\t\t<div class=\"elementor-container elementor-column-gap-default\">\n\t\t\t\t\t<div class=\"elementor-column elementor-col-100 elementor-top-column elementor-element elementor-element-c70510a\" data-id=\"c70510a\" data-element_type=\"column\">\n\t\t\t<div class=\"elementor-widget-wrap\">\n\t\t\t\t\t\t\t<\/div>\n\t\t<\/div>\n\t\t\t\t\t<\/div>\n\t\t<\/section>\n\t\t\t\t<section class=\"elementor-section elementor-top-section elementor-element elementor-element-35c1cc2 elementor-section-boxed elementor-section-height-default elementor-section-height-default wpr-particle-no wpr-jarallax-no wpr-parallax-no wpr-sticky-section-no\" data-id=\"35c1cc2\" data-element_type=\"section\">\n\t\t\t\t\t\t<div class=\"elementor-container elementor-column-gap-default\">\n\t\t\t\t\t<div class=\"elementor-column elementor-col-100 elementor-top-column elementor-element elementor-element-99a096a\" data-id=\"99a096a\" data-element_type=\"column\">\n\t\t\t<div class=\"elementor-widget-wrap\">\n\t\t\t\t\t\t\t<\/div>\n\t\t<\/div>\n\t\t\t\t\t<\/div>\n\t\t<\/section>\n\t\t\t\t<section class=\"elementor-section elementor-top-section elementor-element elementor-element-3c44688f elementor-section-full_width elementor-section-height-default elementor-section-height-default wpr-particle-no wpr-jarallax-no wpr-parallax-no wpr-sticky-section-no\" data-id=\"3c44688f\" data-element_type=\"section\" data-settings=\"{&quot;background_background&quot;:&quot;classic&quot;}\">\n\t\t\t\t\t\t<div class=\"elementor-container elementor-column-gap-default\">\n\t\t\t\t\t<div class=\"elementor-column elementor-col-50 elementor-top-column elementor-element elementor-element-6c5a4d3c\" data-id=\"6c5a4d3c\" data-element_type=\"column\">\n\t\t\t<div class=\"elementor-widget-wrap\">\n\t\t\t\t\t\t\t<\/div>\n\t\t<\/div>\n\t\t\t\t<div class=\"elementor-column elementor-col-50 elementor-top-column elementor-element elementor-element-2982f6e3\" data-id=\"2982f6e3\" data-element_type=\"column\">\n\t\t\t<div class=\"elementor-widget-wrap elementor-element-populated\">\n\t\t\t\t\t\t<div class=\"elementor-element elementor-element-74af5b0 elementor-widget elementor-widget-heading\" data-id=\"74af5b0\" data-element_type=\"widget\" data-widget_type=\"heading.default\">\n\t\t\t\t<div class=\"elementor-widget-container\">\n\t\t\t\t\t<h2 class=\"elementor-heading-title elementor-size-default\">Processo de Sele\u00e7\u00e3o 2025.1 - Mestrado e Doutorado<\/h2>\t\t\t\t<\/div>\n\t\t\t\t<\/div>\n\t\t\t\t<div class=\"elementor-element elementor-element-8681198 elementor-widget__width-initial elementor-widget elementor-widget-text-editor\" data-id=\"8681198\" data-element_type=\"widget\" data-widget_type=\"text-editor.default\">\n\t\t\t\t<div class=\"elementor-widget-container\">\n\t\t\t\t\t\t\t\t\t<div style=\"font-family: Arial, sans-serif;\">\n<p><a href=\"https:\/\/drive.google.com\/file\/d\/1qLskU8_-rLDkSQoFhaRmd4WFWyKuxQRA\/view?usp=drive_link\"><strong>EDITAL PRPG 36\/2024<\/strong><\/a>,&nbsp;<a href=\"https:\/\/drive.google.com\/file\/d\/1KRPzhcaMrvwTIdoOHaVS7PNveQs7WK83\/view?usp=drive_link\"><strong>RETIFICA\u00c7\u00c3O EDITAL PRPG N\u00ba36\/2024<\/strong><\/a>:&nbsp;Sele\u00e7\u00e3o para o Mestrado em Ci\u00eancia da Computa\u00e7\u00e3o (PPGCC) &#8211; Ingresso no 1\u00ba semestre do calend\u00e1rio acad\u00eamico de 2025.<\/p>\n<p><a href=\"https:\/\/drive.google.com\/file\/d\/19qOT1L5ze9X9Assx52y0sh49AYn7JbpK\/view?usp=drive_link\"><strong>EDITAL PRPG 37\/2024<\/strong><\/a>,&nbsp;<a href=\"https:\/\/drive.google.com\/file\/d\/11EYf3Vfe6vfR_mBsJE-xnfGz8O9xWGzU\/view?usp=drive_link\"><strong>RETIFICA\u00c7\u00c3O EDITAL PRPG N\u00ba37\/2024<\/strong><\/a>: Sele\u00e7\u00e3o para o Doutorado em Ci\u00eancia da Computa\u00e7\u00e3o (PPGCC) &#8211; Ingresso no 1\u00ba semestre do calend\u00e1rio acad\u00eamico de 2025.<\/p>\n<p><strong>Per\u00edodo de Inscri\u00e7\u00f5es:<\/strong> As inscri\u00e7\u00f5es estar\u00e3o abertas do dia <strong>16\/10\/2024 (0h)<\/strong> at\u00e9 o dia <strong>08\/11\/2024 (23h59)<\/strong>.<\/p>\n<p><strong>Requisitos para Inscri\u00e7\u00e3o:<\/strong> Podem se inscrever candidatos portadores de diploma de gradua\u00e7\u00e3o em Ci\u00eancia da Computa\u00e7\u00e3o ou \u00e1reas afins, conforme especificado nos editais de sele\u00e7\u00e3o (Se\u00e7\u00e3o 3).<\/p>\n<p><strong>Sobre o Processo Seletivo:<\/strong> Os Editais de Sele\u00e7\u00e3o (<a href=\"https:\/\/drive.google.com\/file\/d\/1qLskU8_-rLDkSQoFhaRmd4WFWyKuxQRA\/view?usp=drive_link\"><strong>EDITAL PRPG 36\/2024<\/strong><\/a> e&nbsp;<a href=\"https:\/\/drive.google.com\/file\/d\/19qOT1L5ze9X9Assx52y0sh49AYn7JbpK\/view?usp=drive_link\"><strong>EDITAL PRPG 37\/2024<\/strong><\/a>) detalham o processo de inscri\u00e7\u00e3o, sele\u00e7\u00e3o e divulga\u00e7\u00e3o dos resultados.<\/p>\n<p><strong>\u00c1reas de Pesquisa e Vagas &#8211; Mestrado:<\/strong><\/p>\n<ul>\n<li>Engenharia de Software<\/li>\n<li>Intelig\u00eancia Artificial<\/li>\n<li>Redes e Sistemas Distribu\u00eddos<\/li>\n<li>Sistemas de Informa\u00e7\u00e3o e Banco de Dados<\/li>\n<\/ul>\n<p>Consulte as <a href=\"https:\/\/docs.google.com\/document\/d\/e\/2PACX-1vTIV4fdnJAgZJoEYxKyxCEgS-QMI_ulP5EJgbGBvpbfMvEvVzT8JJoagdvuRG13NsVyA_w7utO6Yn4Q\/pub\"><strong>\u00c1REAS DE PESQUISA 2025.1<\/strong><\/a> e as vagas oferecidas pelos docentes do PPGCC para fazer sua inscri\u00e7\u00e3o.<\/p>\n<p><strong>Temas de Pesquisa e Vagas &#8211; Doutorado:<\/strong> As vagas para o doutorado est\u00e3o distribu\u00eddas entre os&nbsp;<a href=\"https:\/\/docs.google.com\/spreadsheets\/d\/e\/2PACX-1vSE7p0pYo3_X9shyDrD5vm12hCClHLd0ikcQktu-QGjJE9n2EeX-oSJFj-BsgLB1zIZOP3j_0VMzE8b\/pubhtml\"><strong>TEMAS de PESQUISA 2025.1<\/strong><\/a>&nbsp;propostos pelos docentes do PPGCC. \u00c9 importante que os candidatos leiam o &#8220;Resumo&#8221; de cada tema e, se necess\u00e1rio, entrem em contato diretamente com os docentes respons\u00e1veis pelos temas de interesse.<\/p>\n<p><strong>Procedimentos de Inscri\u00e7\u00e3o:<\/strong> Para realizar a inscri\u00e7\u00e3o, \u00e9 necess\u00e1rio preencher os seguintes formul\u00e1rios online:<\/p>\n<ul>\n<li><a href=\"https:\/\/docs.google.com\/forms\/d\/e\/1FAIpQLSdzkq4cEpOrMUGQvkIs6vexGKHQPdQB6XRlWNrbHRi_s3gmsQ\/viewform?usp=sf_link\">Formul\u00e1rio de inscri\u00e7\u00e3o para o Mestrado<\/a><\/li>\n<li><a href=\"https:\/\/docs.google.com\/forms\/d\/e\/1FAIpQLSdL4uZz0S-2WDu-8YTLIeijsqdo9Cs-Zt_tr0EoNRJs4H6QVA\/viewform?usp=sf_link\">Formul\u00e1rio de inscri\u00e7\u00e3o para o Doutorado<\/a><\/li>\n<\/ul>\n<p><strong>Plano de Pesquisa e Curr\u00edculo Narrativo &#8211; Doutorado:<\/strong> Candidatos ao doutorado devem submeter um <strong>Plano de Pesquisa<\/strong> para cada tema de interesse, conforme orienta\u00e7\u00f5es da Se\u00e7\u00e3o 4.3 do&nbsp;<a href=\"https:\/\/drive.google.com\/file\/d\/19qOT1L5ze9X9Assx52y0sh49AYn7JbpK\/view?usp=drive_link\"><strong>EDITAL PRPG 37\/2024<\/strong><\/a>. Al\u00e9m disso, devem enviar um <strong>Curr\u00edculo Narrativo<\/strong> explicitando como sua trajet\u00f3ria \u00e9 relevante para o tema. Utilize este&nbsp;<a href=\"https:\/\/docs.google.com\/document\/d\/1cUxQqdbr8kpGgzwR9E3j453BZr-hrQcVbSZF2yz1Ouc\/edit?usp=drive_link\"><strong>TEMPLATE DE CURR\u00cdCULO NARRATIVO<\/strong><\/a>.<\/p>\n<p><span style=\"font-weight: bolder; color: var( --e-global-color-text ); font-style: inherit;\">D\u00favidas sobre a sele\u00e7\u00e3o:<\/span><span style=\"color: var( --e-global-color-text ); font-style: inherit; font-weight: inherit;\">&nbsp;<\/span><a style=\"background-color: #fcfcfc; transition-property: all; font-style: inherit; font-weight: inherit;\" href=\"mailto:selecao.ppgcc@copin.ufcg.edu.br\">selecao.ppgcc@copin.ufcg.edu.br<\/a><\/p>\n<p>O <b>procedimento de matr\u00edcula<\/b> pode \u00e9 descrito <a href=\"https:\/\/www.computacao.ufcg.edu.br\/?page_id=2245\">neste link<\/a>.<\/p>\n<h3>Resultados<\/h3>\n<div>&nbsp;<\/div>\n<ul>\n<li><a style=\"font-weight: var( --e-global-typography-text-font-weight ); background-color: #fcfcfc; font-size: 1rem;\" href=\"https:\/\/www.computacao.ufcg.edu.br\/?page_id=2117\" target=\"_blank\" rel=\"noopener\">Resultado da Homologa\u00e7\u00e3o das Inscri\u00e7\u00f5es<\/a><\/li>\n<li><a href=\"https:\/\/docs.google.com\/spreadsheets\/d\/e\/2PACX-1vTPhedqHCZTyJzQq110Ad46WARh-nL7X6eo2rxJDtvWm-JjqQDo6AxLqPgUf1AQY3XoQcBhKz7DRq9C\/pubhtml\">Resultado Parcial Mestrado sem Aloca\u00e7\u00e3o<\/a><\/li>\n<li><a href=\"https:\/\/docs.google.com\/spreadsheets\/d\/e\/2PACX-1vQOQf5Z_Wo37QT_L--V3cF-O4pZxRa58bDdpKytlbo5sr6CQM9TUxP75MfjILTT9P5rV0QzEyqrsaXk\/pubhtml\">Resultado Parcial Doutorado sem Aloca\u00e7\u00e3o<\/a><\/li>\n<li><a href=\"https:\/\/docs.google.com\/spreadsheets\/u\/1\/d\/e\/2PACX-1vQqilNzoxbfTjr3kMNw2P43shY62PavJ5JbA04XOWegJlMQHEBXIIN7-wghxNXScQrqlcGf7cO-B8X6\/pubhtml\">Resultado Final Mestrado e Doutorado com Aloca\u00e7\u00e3o<\/a><\/li>\n<li><a href=\"https:\/\/docs.google.com\/spreadsheets\/u\/4\/d\/e\/2PACX-1vRnIqBPmBdonCiOUjpQuWPEe2UTY07dtUvdMlCqhkhtLj1zi9HGf1I-OpI6Vax_cpO8TgPYh7XQesf2\/pubhtml\">1a Chamada Lista de Espera<\/a><\/li>\n<li style=\"font-size: 16px;\"><a href=\"https:\/\/docs.google.com\/spreadsheets\/u\/4\/d\/e\/2PACX-1vSPrJXHxyGLSq-tZMkeZRFu7kg2A08blEsYLyH7CBqyH8JXf7SSA5xaVV_VdJiH3ZOjoZ_PYN37VJIH\/pubhtml\"><span style=\"font-style: inherit; font-weight: inherit; background-color: #fcfcfc;\">2a Chamada Lista de Espera<\/span>&nbsp;<\/a><\/li>\n<li style=\"font-size: 16px;\"><a href=\"https:\/\/docs.google.com\/spreadsheets\/d\/e\/2PACX-1vQBrJ8dYYBVdszhlxS36S3loevU7TEN_UbDj6N9Lnau50kjFX6GDvCYh8LK05VjUa4u52SCusYOHwzR\/pubhtml\">3a Chamada Lista de Espera<\/a><\/li>\n<li style=\"font-size: 16px;\"><a href=\"https:\/\/docs.google.com\/spreadsheets\/d\/e\/2PACX-1vSb0xHdqsgAQwrMuOVaD382OovnpEM6h1KA1HbOR3U2jzOveJDDxq2YbEVB39VI7u0huv080x7lrwZn\/pubhtml\">4a Chamada Lista de Espera<\/a><\/li>\n<li style=\"font-size: 16px;\"><a href=\"https:\/\/docs.google.com\/spreadsheets\/u\/4\/d\/e\/2PACX-1vSBnK9pvbd7Zl2hgXZTcfnJWOyYlMdj_wJ9_uUQVsbztABD_wwo0aGqqPLRuNKORyj8C9yNFz816WmE\/pubhtml\">5a Chamada Lista de Espera<\/a><\/li>\n<\/ul>\n<\/div>\t\t\t\t\t\t\t\t<\/div>\n\t\t\t\t<\/div>\n\t\t\t\t\t<\/div>\n\t\t<\/div>\n\t\t\t\t\t<\/div>\n\t\t<\/section>\n\t\t\t\t<section class=\"elementor-section elementor-top-section elementor-element elementor-element-31c83633 elementor-section-full_width elementor-section-height-default elementor-section-height-default wpr-particle-no wpr-jarallax-no wpr-parallax-no wpr-sticky-section-no\" data-id=\"31c83633\" data-element_type=\"section\" data-settings=\"{&quot;background_background&quot;:&quot;classic&quot;}\">\n\t\t\t\t\t\t<div class=\"elementor-container elementor-column-gap-default\">\n\t\t\t\t\t<div class=\"elementor-column elementor-col-100 elementor-top-column elementor-element elementor-element-246a17ec\" data-id=\"246a17ec\" data-element_type=\"column\">\n\t\t\t<div class=\"elementor-widget-wrap\">\n\t\t\t\t\t\t\t<\/div>\n\t\t<\/div>\n\t\t\t\t\t<\/div>\n\t\t<\/section>\n\t\t\t\t<section class=\"elementor-section elementor-top-section elementor-element elementor-element-4ce616ad elementor-section-boxed elementor-section-height-default elementor-section-height-default wpr-particle-no wpr-jarallax-no wpr-parallax-no wpr-sticky-section-no\" data-id=\"4ce616ad\" data-element_type=\"section\">\n\t\t\t\t\t\t<div class=\"elementor-container elementor-column-gap-default\">\n\t\t\t\t\t<div class=\"elementor-column elementor-col-100 elementor-top-column elementor-element elementor-element-218857eb\" data-id=\"218857eb\" data-element_type=\"column\">\n\t\t\t<div class=\"elementor-widget-wrap elementor-element-populated\">\n\t\t\t\t\t\t<div class=\"elementor-element elementor-element-6588ba0d elementor-widget elementor-widget-text-editor\" data-id=\"6588ba0d\" data-element_type=\"widget\" data-widget_type=\"text-editor.default\">\n\t\t\t\t<div class=\"elementor-widget-container\">\n\t\t\t\t\t\t\t\t\t<p style=\"text-align: center;\">Todos os direitos reservados \u00a9 2023 Universidade Federal de Campina Grande &#8211; PB &#8211; Desenvolvido por <a href=\"https:\/\/linktr.ee\/codexjr\">CodeX Jr \u2013 Conte\u00fado Criativo<\/a><\/p>\t\t\t\t\t\t\t\t<\/div>\n\t\t\t\t<\/div>\n\t\t\t\t\t<\/div>\n\t\t<\/div>\n\t\t\t\t\t<\/div>\n\t\t<\/section>\n\t\t\t\t<\/div>\n\t\t","protected":false},"excerpt":{"rendered":"<p>Instagram Twitter Youtube Linkedin Processo de Sele\u00e7\u00e3o 2025.1 &#8211; Mestrado e Doutorado EDITAL PRPG 36\/2024,&nbsp;RETIFICA\u00c7\u00c3O EDITAL PRPG N\u00ba36\/2024:&nbsp;Sele\u00e7\u00e3o para o Mestrado em Ci\u00eancia da Computa\u00e7\u00e3o (PPGCC) &#8211; Ingresso no 1\u00ba semestre do calend\u00e1rio acad\u00eamico de 2025. EDITAL PRPG 37\/2024,&nbsp;RETIFICA\u00c7\u00c3O EDITAL PRPG N\u00ba37\/2024: Sele\u00e7\u00e3o para o Doutorado em Ci\u00eancia da Computa\u00e7\u00e3o (PPGCC) &#8211; Ingresso no 1\u00ba semestre do calend\u00e1rio acad\u00eamico de 2025. Per\u00edodo de Inscri\u00e7\u00f5es: As inscri\u00e7\u00f5es estar\u00e3o abertas do dia 16\/10\/2024 (0h) at\u00e9 o dia 08\/11\/2024 (23h59). Requisitos para Inscri\u00e7\u00e3o: Podem se inscrever candidatos portadores de diploma de gradua\u00e7\u00e3o em Ci\u00eancia da Computa\u00e7\u00e3o ou \u00e1reas afins, conforme especificado nos editais de sele\u00e7\u00e3o (Se\u00e7\u00e3o 3). Sobre o Processo Seletivo: Os Editais de Sele\u00e7\u00e3o (EDITAL PRPG 36\/2024 e&nbsp;EDITAL PRPG 37\/2024) detalham o processo de inscri\u00e7\u00e3o, sele\u00e7\u00e3o e divulga\u00e7\u00e3o dos resultados. \u00c1reas de Pesquisa e Vagas &#8211; Mestrado: Engenharia de Software Intelig\u00eancia Artificial Redes e Sistemas Distribu\u00eddos Sistemas de Informa\u00e7\u00e3o e Banco de Dados Consulte as \u00c1REAS DE PESQUISA 2025.1 e as vagas oferecidas pelos docentes do PPGCC para fazer sua inscri\u00e7\u00e3o. Temas de Pesquisa e Vagas &#8211; Doutorado: As vagas para o doutorado est\u00e3o distribu\u00eddas entre os&nbsp;TEMAS de PESQUISA 2025.1&nbsp;propostos pelos docentes do PPGCC. \u00c9 importante que os candidatos leiam o &#8220;Resumo&#8221; de cada tema e, se necess\u00e1rio, entrem em contato diretamente com os docentes respons\u00e1veis pelos temas de interesse. Procedimentos de Inscri\u00e7\u00e3o: Para realizar a inscri\u00e7\u00e3o, \u00e9 necess\u00e1rio preencher os seguintes formul\u00e1rios online: Formul\u00e1rio de inscri\u00e7\u00e3o para o Mestrado Formul\u00e1rio de inscri\u00e7\u00e3o para o Doutorado Plano de Pesquisa e Curr\u00edculo Narrativo &#8211; Doutorado: Candidatos ao doutorado devem submeter um Plano de Pesquisa para cada tema de interesse, conforme orienta\u00e7\u00f5es da Se\u00e7\u00e3o 4.3 do&nbsp;EDITAL PRPG 37\/2024. Al\u00e9m disso, devem enviar um Curr\u00edculo Narrativo explicitando como sua trajet\u00f3ria \u00e9 relevante para o tema. Utilize este&nbsp;TEMPLATE DE CURR\u00cdCULO NARRATIVO. D\u00favidas sobre a sele\u00e7\u00e3o:&nbsp;selecao.ppgcc@copin.ufcg.edu.br O procedimento de matr\u00edcula pode \u00e9 descrito neste link. Resultados &nbsp; Resultado da Homologa\u00e7\u00e3o das Inscri\u00e7\u00f5es Resultado Parcial Mestrado sem Aloca\u00e7\u00e3o Resultado Parcial Doutorado sem Aloca\u00e7\u00e3o Resultado Final Mestrado e Doutorado com Aloca\u00e7\u00e3o 1a Chamada Lista de Espera 2a Chamada Lista de Espera&nbsp; 3a Chamada Lista de Espera 4a Chamada Lista de Espera 5a Chamada Lista de Espera Todos os direitos reservados \u00a9 2023 Universidade Federal de Campina Grande &#8211; PB &#8211; Desenvolvido por CodeX Jr \u2013 Conte\u00fado Criativo<\/p>\n","protected":false},"author":2,"featured_media":0,"parent":0,"menu_order":0,"comment_status":"closed","ping_status":"closed","template":"elementor_canvas","meta":{"site-sidebar-layout":"no-sidebar","site-content-layout":"page-builder","ast-site-content-layout":"full-width-container","site-content-style":"default","site-sidebar-style":"default","ast-global-header-display":"","ast-banner-title-visibility":"","ast-main-header-display":"","ast-hfb-above-header-display":"","ast-hfb-below-header-display":"","ast-hfb-mobile-header-display":"","site-post-title":"disabled","ast-breadcrumbs-content":"","ast-featured-img":"disabled","footer-sml-layout":"","theme-transparent-header-meta":"","adv-header-id-meta":"","stick-header-meta":"","header-above-stick-meta":"","header-main-stick-meta":"","header-below-stick-meta":"","astra-migrate-meta-layouts":"set","ast-page-background-enabled":"default","ast-page-background-meta":{"desktop":{"background-color":"var(--ast-global-color-4)","background-image":"","background-repeat":"repeat","background-position":"center center","background-size":"auto","background-attachment":"scroll","background-type":"","background-media":"","overlay-type":"","overlay-color":"","overlay-opacity":"","overlay-gradient":""},"tablet":{"background-color":"","background-image":"","background-repeat":"repeat","background-position":"center center","background-size":"auto","background-attachment":"scroll","background-type":"","background-media":"","overlay-type":"","overlay-color":"","overlay-opacity":"","overlay-gradient":""},"mobile":{"background-color":"","background-image":"","background-repeat":"repeat","background-position":"center center","background-size":"auto","background-attachment":"scroll","background-type":"","background-media":"","overlay-type":"","overlay-color":"","overlay-opacity":"","overlay-gradient":""}},"ast-content-background-meta":{"desktop":{"background-color":"var(--ast-global-color-5)","background-image":"","background-repeat":"repeat","background-position":"center center","background-size":"auto","background-attachment":"scroll","background-type":"","background-media":"","overlay-type":"","overlay-color":"","overlay-opacity":"","overlay-gradient":""},"tablet":{"background-color":"var(--ast-global-color-5)","background-image":"","background-repeat":"repeat","background-position":"center center","background-size":"auto","background-attachment":"scroll","background-type":"","background-media":"","overlay-type":"","overlay-color":"","overlay-opacity":"","overlay-gradient":""},"mobile":{"background-color":"var(--ast-global-color-5)","background-image":"","background-repeat":"repeat","background-position":"center center","background-size":"auto","background-attachment":"scroll","background-type":"","background-media":"","overlay-type":"","overlay-color":"","overlay-opacity":"","overlay-gradient":""}},"footnotes":""},"class_list":["post-749","page","type-page","status-publish","hentry"],"_links":{"self":[{"href":"https:\/\/www.computacao.ufcg.edu.br\/index.php?rest_route=\/wp\/v2\/pages\/749","targetHints":{"allow":["GET"]}}],"collection":[{"href":"https:\/\/www.computacao.ufcg.edu.br\/index.php?rest_route=\/wp\/v2\/pages"}],"about":[{"href":"https:\/\/www.computacao.ufcg.edu.br\/index.php?rest_route=\/wp\/v2\/types\/page"}],"author":[{"embeddable":true,"href":"https:\/\/www.computacao.ufcg.edu.br\/index.php?rest_route=\/wp\/v2\/users\/2"}],"replies":[{"embeddable":true,"href":"https:\/\/www.computacao.ufcg.edu.br\/index.php?rest_route=%2Fwp%2Fv2%2Fcomments&post=749"}],"version-history":[{"count":72,"href":"https:\/\/www.computacao.ufcg.edu.br\/index.php?rest_route=\/wp\/v2\/pages\/749\/revisions"}],"predecessor-version":[{"id":2416,"href":"https:\/\/www.computacao.ufcg.edu.br\/index.php?rest_route=\/wp\/v2\/pages\/749\/revisions\/2416"}],"wp:attachment":[{"href":"https:\/\/www.computacao.ufcg.edu.br\/index.php?rest_route=%2Fwp%2Fv2%2Fmedia&parent=749"}],"curies":[{"name":"wp","href":"https:\/\/api.w.org\/{rel}","templated":true}]}}